{"id":6373,"date":"2024-04-01T07:53:21","date_gmt":"2024-04-01T04:53:21","guid":{"rendered":"https:\/\/www.clinicatlantis.com\/our-doctors\/"},"modified":"2025-03-25T15:01:36","modified_gmt":"2025-03-25T12:01:36","slug":"our-doctors","status":"publish","type":"page","link":"https:\/\/www.clinicatlantis.com\/en\/our-doctors\/","title":{"rendered":"Our Doctors"},"content":{"rendered":"\t\t<div data-elementor-type=\"wp-page\" data-elementor-id=\"6373\" class=\"elementor elementor-6373\" data-elementor-post-type=\"page\">\n\t\t\t\t<div class=\"elementor-element elementor-element-3417e3c e-flex e-con-boxed e-con e-parent\" data-id=\"3417e3c\" data-element_type=\"container\">\n\t\t\t\t\t<div class=\"e-con-inner\">\n\t\t<div class=\"elementor-element elementor-element-c789bfa e-con-full e-flex e-con e-child\" data-id=\"c789bfa\" data-element_type=\"container\">\n\t\t\t\t<div class=\"elementor-element elementor-element-73553b7 elementor-widget elementor-widget-dentamedi_core_section_title\" data-id=\"73553b7\" data-element_type=\"widget\" data-widget_type=\"dentamedi_core_section_title.default\">\n\t\t\t\t<div class=\"elementor-widget-container\">\n\t\t\t\t\t<div class=\"qodef-shortcode qodef-m  qodef-section-title qodef-alignment--left  \">\n    \t\t<h3 class=\"qodef-m-title\" >\n        Our Doctors\t<\/h3>\n\t    <\/div>\n\t\t\t\t<\/div>\n\t\t\t\t<\/div>\n\t\t\t\t<div class=\"elementor-element elementor-element-7da8654 elementor-widget elementor-widget-dentamedi_core_team_list\" data-id=\"7da8654\" data-element_type=\"widget\" data-widget_type=\"dentamedi_core_team_list.default\">\n\t\t\t\t<div class=\"elementor-widget-container\">\n\t\t\t\t\t<div class=\"qodef-shortcode qodef-m  qodef-team-list qodef-item-layout--info-below qodef-grid qodef-layout--columns    qodef-col-num--4 qodef-item-layout--info-below  qodef-pagination--off qodef-responsive--custom qodef-col-num--1512--5 qodef-col-num--1368--4 qodef-col-num--1200--4 qodef-col-num--1024--2 qodef-col-num--880--2 qodef-col-num--680--1 qodef-swiper--show-pagination qodef-swiper--show-pagination-on-mobile-only\"  data-options=\"{&quot;plugin&quot;:&quot;dentamedi_core&quot;,&quot;module&quot;:&quot;post-types\\\/team\\\/shortcodes&quot;,&quot;shortcode&quot;:&quot;team-list&quot;,&quot;post_type&quot;:&quot;team&quot;,&quot;next_page&quot;:&quot;2&quot;,&quot;max_pages_num&quot;:1,&quot;team_role&quot;:&quot;no&quot;,&quot;team_description&quot;:&quot;no&quot;,&quot;behavior&quot;:&quot;columns&quot;,&quot;images_proportion&quot;:&quot;full&quot;,&quot;columns&quot;:&quot;4&quot;,&quot;columns_responsive&quot;:&quot;custom&quot;,&quot;columns_1512&quot;:&quot;5&quot;,&quot;columns_1368&quot;:&quot;4&quot;,&quot;columns_1200&quot;:&quot;4&quot;,&quot;columns_1024&quot;:&quot;2&quot;,&quot;columns_880&quot;:&quot;2&quot;,&quot;columns_680&quot;:&quot;1&quot;,&quot;indent_slider&quot;:&quot;no&quot;,&quot;posts_per_page&quot;:&quot;15&quot;,&quot;orderby&quot;:&quot;menu_order&quot;,&quot;order&quot;:&quot;DESC&quot;,&quot;additional_params&quot;:&quot;tax&quot;,&quot;tax&quot;:&quot;team-category&quot;,&quot;tax_slug&quot;:&quot;main team&quot;,&quot;layout&quot;:&quot;info-below&quot;,&quot;title_tag&quot;:&quot;h5&quot;,&quot;pagination_type&quot;:&quot;no-pagination&quot;,&quot;object_class_name&quot;:&quot;DentaMediCore_Team_List_Shortcode&quot;,&quot;taxonomy_filter&quot;:&quot;team-category&quot;,&quot;additional_query_args&quot;:{&quot;tax_query&quot;:[{&quot;taxonomy&quot;:&quot;team-category&quot;,&quot;field&quot;:&quot;slug&quot;,&quot;terms&quot;:&quot;main team&quot;}]},&quot;holder_styles&quot;:[],&quot;item_classes&quot;:&quot;qodef-e qodef-grid-item &quot;,&quot;has_single&quot;:true}\">\n\t\t<div class=\"qodef-grid-inner\">\n\t\t<div class=\"qodef-e qodef-grid-item  post-6515 team type-team status-publish has-post-thumbnail hentry team-category-main-team\">\n\t<div class=\"qodef-e-inner\">\n\t\t<div class=\"qodef-e-image\">\n\t\t\t\t<div class=\"qodef-e-media-image\">\n\t\t\t\t\t<a itemprop=\"url\" href=\"https:\/\/www.clinicatlantis.com\/en\/team\/ozgur-onder-tasdemir\/\">\n\t\t\t\t\t<img fetchpriority=\"high\" decoding=\"async\" width=\"1707\" height=\"2560\" src=\"https:\/\/www.clinicatlantis.com\/wp-content\/uploads\/2024\/03\/DSCF5352-scaled.jpg\" class=\"attachment-full size-full wp-post-image\" alt=\"\" srcset=\"https:\/\/www.clinicatlantis.com\/wp-content\/uploads\/2024\/03\/DSCF5352-scaled.jpg 1707w, https:\/\/www.clinicatlantis.com\/wp-content\/uploads\/2024\/03\/DSCF5352-200x300.jpg 200w, https:\/\/www.clinicatlantis.com\/wp-content\/uploads\/2024\/03\/DSCF5352-683x1024.jpg 683w, https:\/\/www.clinicatlantis.com\/wp-content\/uploads\/2024\/03\/DSCF5352-768x1152.jpg 768w, https:\/\/www.clinicatlantis.com\/wp-content\/uploads\/2024\/03\/DSCF5352-1024x1536.jpg 1024w, https:\/\/www.clinicatlantis.com\/wp-content\/uploads\/2024\/03\/DSCF5352-1365x2048.jpg 1365w\" sizes=\"(max-width: 1707px) 100vw, 1707px\" \/>\t\t\t\t\t<\/a>\n\t\t\t<\/div>\n\t\t<\/div>\n\t\t<div class=\"qodef-e-content\" >\n\t\t\t\t\t\t<h5 itemprop=\"name\" class=\"qodef-e-title entry-title\" >\n\t\t\t<a itemprop=\"url\" class=\"qodef-e-title-link\" href=\"https:\/\/www.clinicatlantis.com\/en\/team\/ozgur-onder-tasdemir\/\">\n\t\t\t\u00d6zg\u00fcr \u00d6nder Ta\u015fdemir\t\t\t<\/a>\n\t<\/h5>\n\t\t\t\t\t\t\t\t<\/div>\n\t<\/div>\n<\/div>\n<div class=\"qodef-e qodef-grid-item  post-6512 team type-team status-publish has-post-thumbnail hentry team-category-main-team\">\n\t<div class=\"qodef-e-inner\">\n\t\t<div class=\"qodef-e-image\">\n\t\t\t\t<div class=\"qodef-e-media-image\">\n\t\t\t\t\t<a itemprop=\"url\" href=\"https:\/\/www.clinicatlantis.com\/en\/team\/gizem-ates\/\">\n\t\t\t\t\t<img decoding=\"async\" width=\"1707\" height=\"2560\" src=\"https:\/\/www.clinicatlantis.com\/wp-content\/uploads\/2024\/03\/DSCF5265-scaled.jpg\" class=\"attachment-full size-full wp-post-image\" alt=\"\" srcset=\"https:\/\/www.clinicatlantis.com\/wp-content\/uploads\/2024\/03\/DSCF5265-scaled.jpg 1707w, https:\/\/www.clinicatlantis.com\/wp-content\/uploads\/2024\/03\/DSCF5265-200x300.jpg 200w, https:\/\/www.clinicatlantis.com\/wp-content\/uploads\/2024\/03\/DSCF5265-683x1024.jpg 683w, https:\/\/www.clinicatlantis.com\/wp-content\/uploads\/2024\/03\/DSCF5265-768x1152.jpg 768w, https:\/\/www.clinicatlantis.com\/wp-content\/uploads\/2024\/03\/DSCF5265-1024x1536.jpg 1024w, https:\/\/www.clinicatlantis.com\/wp-content\/uploads\/2024\/03\/DSCF5265-1365x2048.jpg 1365w\" sizes=\"(max-width: 1707px) 100vw, 1707px\" \/>\t\t\t\t\t<\/a>\n\t\t\t<\/div>\n\t\t<\/div>\n\t\t<div class=\"qodef-e-content\" >\n\t\t\t\t\t\t<h5 itemprop=\"name\" class=\"qodef-e-title entry-title\" >\n\t\t\t<a itemprop=\"url\" class=\"qodef-e-title-link\" href=\"https:\/\/www.clinicatlantis.com\/en\/team\/gizem-ates\/\">\n\t\t\tGizem ATE\u015e\t\t\t<\/a>\n\t<\/h5>\n\t\t\t\t\t\t\t\t<\/div>\n\t<\/div>\n<\/div>\n<div class=\"qodef-e qodef-grid-item  post-6511 team type-team status-publish has-post-thumbnail hentry team-category-main-team\">\n\t<div class=\"qodef-e-inner\">\n\t\t<div class=\"qodef-e-image\">\n\t\t\t\t<div class=\"qodef-e-media-image\">\n\t\t\t\t\t<a itemprop=\"url\" href=\"https:\/\/www.clinicatlantis.com\/en\/team\/gizem-bayraktaroglu\/\">\n\t\t\t\t\t<img decoding=\"async\" width=\"1707\" height=\"2560\" src=\"https:\/\/www.clinicatlantis.com\/wp-content\/uploads\/2024\/03\/DSCF5272-scaled.jpg\" class=\"attachment-full size-full wp-post-image\" alt=\"\" srcset=\"https:\/\/www.clinicatlantis.com\/wp-content\/uploads\/2024\/03\/DSCF5272-scaled.jpg 1707w, https:\/\/www.clinicatlantis.com\/wp-content\/uploads\/2024\/03\/DSCF5272-200x300.jpg 200w, https:\/\/www.clinicatlantis.com\/wp-content\/uploads\/2024\/03\/DSCF5272-683x1024.jpg 683w, https:\/\/www.clinicatlantis.com\/wp-content\/uploads\/2024\/03\/DSCF5272-768x1152.jpg 768w, https:\/\/www.clinicatlantis.com\/wp-content\/uploads\/2024\/03\/DSCF5272-1024x1536.jpg 1024w, https:\/\/www.clinicatlantis.com\/wp-content\/uploads\/2024\/03\/DSCF5272-1365x2048.jpg 1365w\" sizes=\"(max-width: 1707px) 100vw, 1707px\" \/>\t\t\t\t\t<\/a>\n\t\t\t<\/div>\n\t\t<\/div>\n\t\t<div class=\"qodef-e-content\" >\n\t\t\t\t\t\t<h5 itemprop=\"name\" class=\"qodef-e-title entry-title\" >\n\t\t\t<a itemprop=\"url\" class=\"qodef-e-title-link\" href=\"https:\/\/www.clinicatlantis.com\/en\/team\/gizem-bayraktaroglu\/\">\n\t\t\tGizem Bayraktaroglu\t\t\t<\/a>\n\t<\/h5>\n\t\t\t\t\t\t\t\t<\/div>\n\t<\/div>\n<\/div>\n\t<\/div>\n\t<\/div>\n\t\t\t\t<\/div>\n\t\t\t\t<\/div>\n\t\t\t\t<\/div>\n\t\t\t\t\t<\/div>\n\t\t\t\t<\/div>\n\t\t\t\t<\/div>\n\t\t","protected":false},"excerpt":{"rendered":"<p>Our Doctors \u00d6zg\u00fcr \u00d6nder Ta\u015fdemir Gizem Bayraktaro\u011flu Gizem ATE\u015e<\/p>\n","protected":false},"author":2,"featured_media":0,"parent":0,"menu_order":0,"comment_status":"closed","ping_status":"closed","template":"page-full-width.php","meta":{"footnotes":""},"class_list":["post-6373","page","type-page","status-publish","hentry"],"_links":{"self":[{"href":"https:\/\/www.clinicatlantis.com\/en\/wp-json\/wp\/v2\/pages\/6373","targetHints":{"allow":["GET"]}}],"collection":[{"href":"https:\/\/www.clinicatlantis.com\/en\/wp-json\/wp\/v2\/pages"}],"about":[{"href":"https:\/\/www.clinicatlantis.com\/en\/wp-json\/wp\/v2\/types\/page"}],"author":[{"embeddable":true,"href":"https:\/\/www.clinicatlantis.com\/en\/wp-json\/wp\/v2\/users\/2"}],"replies":[{"embeddable":true,"href":"https:\/\/www.clinicatlantis.com\/en\/wp-json\/wp\/v2\/comments?post=6373"}],"version-history":[{"count":32,"href":"https:\/\/www.clinicatlantis.com\/en\/wp-json\/wp\/v2\/pages\/6373\/revisions"}],"predecessor-version":[{"id":6510,"href":"https:\/\/www.clinicatlantis.com\/en\/wp-json\/wp\/v2\/pages\/6373\/revisions\/6510"}],"wp:attachment":[{"href":"https:\/\/www.clinicatlantis.com\/en\/wp-json\/wp\/v2\/media?parent=6373"}],"curies":[{"name":"wp","href":"https:\/\/api.w.org\/{rel}","templated":true}]}}