{"id":6376,"date":"2024-03-22T12:07:27","date_gmt":"2024-03-22T09:07:27","guid":{"rendered":"https:\/\/www.clinicatlantis.com\/contact-us\/"},"modified":"2025-03-25T12:30:27","modified_gmt":"2025-03-25T09:30:27","slug":"contact-us","status":"publish","type":"page","link":"https:\/\/www.clinicatlantis.com\/en\/contact-us\/","title":{"rendered":"Contact Us"},"content":{"rendered":"\t\t<div data-elementor-type=\"wp-page\" data-elementor-id=\"6376\" class=\"elementor elementor-6376\" data-elementor-post-type=\"page\">\n\t\t\t\t<div class=\"elementor-element elementor-element-3c59bcbd e-con-full qodef-elementor-content-grid e-flex e-con e-parent\" data-id=\"3c59bcbd\" data-element_type=\"container\">\n\t\t<div class=\"elementor-element elementor-element-26e307f0 e-con-full e-flex e-con e-child\" data-id=\"26e307f0\" data-element_type=\"container\" data-settings=\"{&quot;background_background&quot;:&quot;classic&quot;}\">\n\t\t\t\t<div class=\"elementor-element elementor-element-6cc0c8c9 elementor-widget elementor-widget-dentamedi_core_section_title\" data-id=\"6cc0c8c9\" data-element_type=\"widget\" data-widget_type=\"dentamedi_core_section_title.default\">\n\t\t\t\t<div class=\"elementor-widget-container\">\n\t\t\t\t\t<div class=\"qodef-shortcode qodef-m  qodef-section-title qodef-alignment--left  \">\n    \t\t<h2 class=\"qodef-m-title\" >\n        Contact Us Now\t<\/h2>\n\t    <\/div>\n\t\t\t\t<\/div>\n\t\t\t\t<\/div>\n\t\t\t\t<div class=\"elementor-element elementor-element-e57704c elementor-widget elementor-widget-qi_addons_for_elementor_contact_form_7\" data-id=\"e57704c\" data-element_type=\"widget\" data-widget_type=\"qi_addons_for_elementor_contact_form_7.default\">\n\t\t\t\t<div class=\"elementor-widget-container\">\n\t\t\t\t\t<div class=\"qodef-shortcode qodef-m qodef-qi-contact-form-7\">\n\t\n<div class=\"wpcf7 no-js\" id=\"wpcf7-f6528-o1\" lang=\"en-US\" dir=\"ltr\" data-wpcf7-id=\"6528\">\n<div class=\"screen-reader-response\"><p role=\"status\" aria-live=\"polite\" aria-atomic=\"true\"><\/p> <ul><\/ul><\/div>\n<form action=\"\/en\/wp-json\/wp\/v2\/pages\/6376#wpcf7-f6528-o1\" method=\"post\" class=\"wpcf7-form init\" aria-label=\"Contact form\" novalidate=\"novalidate\" data-status=\"init\">\n<div style=\"display: none;\">\n<input type=\"hidden\" name=\"_wpcf7\" value=\"6528\" \/>\n<input type=\"hidden\" name=\"_wpcf7_version\" value=\"6.0.5\" \/>\n<input type=\"hidden\" name=\"_wpcf7_locale\" value=\"en_US\" \/>\n<input type=\"hidden\" name=\"_wpcf7_unit_tag\" value=\"wpcf7-f6528-o1\" \/>\n<input type=\"hidden\" name=\"_wpcf7_container_post\" value=\"0\" \/>\n<input type=\"hidden\" name=\"_wpcf7_posted_data_hash\" value=\"\" \/>\n<\/div>\n<div class=\"qodef-contact-form qodef-dentist qodef-grid qodef-layout--template\">\n<div class=\"qodef-grid-inner\">\n<div class=\"qodef-grid-item qodef-input-holder qodef-col--6\"> <span class=\"wpcf7-form-control-wrap\" data-name=\"your-name\"><input size=\"40\" maxlength=\"400\" class=\"wpcf7-form-control wpcf7-text wpcf7-validates-as-required\" aria-required=\"true\" aria-invalid=\"false\" placeholder=\"Name*\" value=\"\" type=\"text\" name=\"your-name\" \/><\/span><\/div>\n<div class=\"qodef-grid-item qodef-input-holder qodef-col--6\"> <span class=\"wpcf7-form-control-wrap\" data-name=\"your-phone\"><input size=\"40\" maxlength=\"400\" class=\"wpcf7-form-control wpcf7-text wpcf7-validates-as-required\" aria-required=\"true\" aria-invalid=\"false\" placeholder=\"Phone*\" value=\"\" type=\"text\" name=\"your-phone\" \/><\/span><\/div>\n<div class=\"qodef-grid-item qodef-input-holder qodef-col--6\"><span class=\"wpcf7-form-control-wrap\" data-name=\"your-email\"><input size=\"40\" maxlength=\"400\" class=\"wpcf7-form-control wpcf7-email wpcf7-validates-as-required wpcf7-text wpcf7-validates-as-email\" aria-required=\"true\" aria-invalid=\"false\" placeholder=\"Email*\" value=\"\" type=\"email\" name=\"your-email\" \/><\/span><\/div>\n<div class=\"qodef-grid-item qodef-input-holder qodef-col--6\"><span class=\"wpcf7-form-control-wrap\" data-name=\"your-service\"><select class=\"wpcf7-form-control wpcf7-select wpcf7-validates-as-required\" aria-required=\"true\" aria-invalid=\"false\" name=\"your-service\"><option value=\"Hizmet*\">Hizmet*<\/option><option value=\"Di\u015f Tedavileri\">Di\u015f Tedavileri<\/option><option value=\"Sa\u00e7 Ekimi\">Sa\u00e7 Ekimi<\/option><option value=\"Kilo Verme\">Kilo Verme<\/option><option value=\"Plastik Cerrahi\">Plastik Cerrahi<\/option><\/select><\/span><\/div>\n<div class=\"qodef-grid-item qodef-input-holder qodef-col--6\"><span class=\"wpcf7-form-control-wrap\" data-name=\"your-date\"><input class=\"wpcf7-form-control wpcf7-date wpcf7-validates-as-date\" aria-invalid=\"false\" value=\"2026-05-15\" type=\"date\" name=\"your-date\" \/><\/span><\/div>\n<div class=\"qodef-grid-item qodef-input-holder qodef-col--6\"><span class=\"wpcf7-form-control-wrap\" data-name=\"your-time\"><select class=\"wpcf7-form-control wpcf7-select wpcf7-validates-as-required\" aria-required=\"true\" aria-invalid=\"false\" name=\"your-time\"><option value=\"Time Preference*\">Time Preference*<\/option><option value=\"09:00-09:30\">09:00-09:30<\/option><option value=\"09:30-10:00\">09:30-10:00<\/option><option value=\"10:00-10:30\">10:00-10:30<\/option><option value=\"11:00-11:30\">11:00-11:30<\/option><option value=\"12:00-12:30\">12:00-12:30<\/option><option value=\"13:30-14:00\">13:30-14:00<\/option><option value=\"14:00-14:30\">14:00-14:30<\/option><option value=\"14:30-15:00\">14:30-15:00<\/option><option value=\"15:00-15:30\">15:00-15:30<\/option><option value=\"15:30-16:00\">15:30-16:00<\/option><option value=\"16:00-16:30\">16:00-16:30<\/option><option value=\"16:30-17:00\">16:30-17:00<\/option><option value=\"17:00-17:30\">17:00-17:30<\/option><option value=\"17:30-18:00\">17:30-18:00<\/option><option value=\"18:00-18:30\">18:00-18:30<\/option><option value=\"18:30-19:00\">18:30-19:00<\/option><\/select><\/span><\/div>\n<\/div>\n<div class=\"qodef-grid-item qodef-col--12 qodef-button-holder\"><button class=\"wpcf7-form-control wpcf7-submit qodef-button qodef-size--normal qodef-layout--filled qodef-m\" type=\"submit\"><span class=\"qodef-m-text\">Request an Appointment<\/span><\/button><\/div>\n<\/div><div class=\"wpcf7-response-output\" aria-hidden=\"true\"><\/div>\n<\/form>\n<\/div>\n<\/div>\n\t\t\t\t<\/div>\n\t\t\t\t<\/div>\n\t\t\t\t<div class=\"elementor-element elementor-element-36456342 elementor-widget elementor-widget-dentamedi_core_icon_with_text\" data-id=\"36456342\" data-element_type=\"widget\" data-widget_type=\"dentamedi_core_icon_with_text.default\">\n\t\t\t\t<div class=\"elementor-widget-container\">\n\t\t\t\t\t<div class=\"qodef-shortcode qodef-m  qodef-icon-with-text qodef-layout--before-content qodef--svg-icon  qodef-badge--yes \" style=\"--qode-icon-with-text-badge-size: 45px\">\n\t<div class=\"qodef-m-icon-wrapper\" >\n\t\t    <span class=\"qodef-icon-holder\">\r\n\t\t<span class=\"qodef-m-svg\" >\r\n\t\t\t<svg xmlns=\"http:\/\/www.w3.org\/2000\/svg\" width=\"11.813\" height=\"21\" viewBox=\"0 0 11.813 21\">\n  <path d=\"M15.75,21.313A1.331,1.331,0,0,0,17.063,20V1.625A1.261,1.261,0,0,0,16.673.7a1.261,1.261,0,0,0-.923-.39H6.563A1.261,1.261,0,0,0,5.64.7a1.261,1.261,0,0,0-.39.923V20a1.331,1.331,0,0,0,1.313,1.313Zm-5.024-1.538a.7.7,0,1,1,.513.226A.707.707,0,0,1,10.726,19.774ZM13.781,1.625a.632.632,0,0,1,.656.656.632.632,0,0,1-.656.656H12.469a.632.632,0,0,1-.656-.656.632.632,0,0,1,.656-.656Zm-3.466.185a.639.639,0,0,1,.185.472.656.656,0,1,1-1.312,0,.667.667,0,0,1,1.128-.472ZM6.563,4.25H15.75V17.375H6.563Z\" transform=\"translate(-5.25 -0.313)\" fill=\"#013a65\"\/>\n<\/svg>\t\t<\/span>\r\n\t<\/span>\r\n\t<\/div>\n\t<div class=\"qodef-m-content\">\n\t\t\t<p class=\"qodef-m-title\" style=\"margin-top: 10px\">\n\t\t\t\t\t<a itemprop=\"url\" href=\"tel:905321759035\" target=\"_blank\">\n\t\t\t\t\t<span class=\"qodef-m-title-text\">+90 532 175 90 35<\/span>\n\t\t\t\t\t<\/a>\n\t\t\t<\/p>\n\t\t\t<\/div>\n<\/div>\n\t\t\t\t<\/div>\n\t\t\t\t<\/div>\n\t\t\t\t<div class=\"elementor-element elementor-element-1dc11abc elementor-widget elementor-widget-dentamedi_core_icon_with_text\" data-id=\"1dc11abc\" data-element_type=\"widget\" data-widget_type=\"dentamedi_core_icon_with_text.default\">\n\t\t\t\t<div class=\"elementor-widget-container\">\n\t\t\t\t\t<div class=\"qodef-shortcode qodef-m  qodef-icon-with-text qodef-layout--before-content qodef--svg-icon  qodef-badge--yes \" style=\"--qode-icon-with-text-badge-size: 45px\">\n\t<div class=\"qodef-m-icon-wrapper\" >\n\t\t    <span class=\"qodef-icon-holder\">\r\n\t\t<span class=\"qodef-m-svg\" >\r\n\t\t\t<svg xmlns=\"http:\/\/www.w3.org\/2000\/svg\" width=\"20\" height=\"15\" viewBox=\"0 0 20 15\">\n  <path d=\"M18.75,5.25H1.25a1.2,1.2,0,0,0-.879.371A1.2,1.2,0,0,0,0,6.5V19a1.2,1.2,0,0,0,.371.879,1.2,1.2,0,0,0,.879.371h17.5A1.267,1.267,0,0,0,20,19V6.5a1.267,1.267,0,0,0-1.25-1.25ZM7.109,14.039,10,15.992l2.891-1.953L17.852,19H2.148ZM1.25,18.1V10.055l4.8,3.281Zm12.7-4.8,4.8-3.32V18.1Zm4.8-6.8V8.531l-.039-.039L10,14.508,1.25,8.531V6.5Z\" transform=\"translate(0 -5.25)\" fill=\"#013a65\"\/>\n<\/svg>\t\t<\/span>\r\n\t<\/span>\r\n\t<\/div>\n\t<div class=\"qodef-m-content\">\n\t\t\t<p class=\"qodef-m-title\" style=\"margin-top: 10px\">\n\t\t\t\t\t<a itemprop=\"url\" href=\"mailto:info@clinicatlantis.com\" target=\"_blank\">\n\t\t\t\t\t<span class=\"qodef-m-title-text\">info@clinicatlantis.com<\/span>\n\t\t\t\t\t<\/a>\n\t\t\t<\/p>\n\t\t\t<\/div>\n<\/div>\n\t\t\t\t<\/div>\n\t\t\t\t<\/div>\n\t\t\t\t<div class=\"elementor-element elementor-element-24f4e548 elementor-widget elementor-widget-dentamedi_core_icon_with_text\" data-id=\"24f4e548\" data-element_type=\"widget\" data-widget_type=\"dentamedi_core_icon_with_text.default\">\n\t\t\t\t<div class=\"elementor-widget-container\">\n\t\t\t\t\t<div class=\"qodef-shortcode qodef-m  qodef-icon-with-text qodef-layout--before-content qodef--svg-icon  qodef-badge--yes \" style=\"--qode-icon-with-text-badge-size: 45px\">\n\t<div class=\"qodef-m-icon-wrapper\" >\n\t\t    <span class=\"qodef-icon-holder\">\r\n\t\t<span class=\"qodef-m-svg\" >\r\n\t\t\t<svg xmlns=\"http:\/\/www.w3.org\/2000\/svg\" width=\"16.127\" height=\"22.955\" viewBox=\"0 0 16.127 22.955\">\n  <path d=\"M8.288,11.151a3.742,3.742,0,0,0,5.3,0,3.613,3.613,0,0,0,1.1-2.65,3.613,3.613,0,0,0-1.1-2.65,3.742,3.742,0,0,0-5.3,0,3.613,3.613,0,0,0-1.1,2.65A3.613,3.613,0,0,0,8.288,11.151ZM9.3,6.861a2.332,2.332,0,0,1,3.279,0,2.332,2.332,0,0,1,0,3.279,2.332,2.332,0,0,1-3.279,0,2.332,2.332,0,0,1,0-3.279Zm1.123,16.172a1.236,1.236,0,0,0,.359.314.584.584,0,0,0,.449,0,3.374,3.374,0,0,0,.359-.314q.27-.27.719-.809t1.64-2.134q1.19-1.595,2.134-3.145a26.238,26.238,0,0,0,1.8-3.616,13.788,13.788,0,0,0,1.033-3.863A6.049,6.049,0,0,0,19,8.479,7.745,7.745,0,0,0,16.644,2.8,7.772,7.772,0,0,0,10.938.438,7.772,7.772,0,0,0,5.233,2.8,7.745,7.745,0,0,0,2.875,8.479a6.288,6.288,0,0,0,.09,1.033,13.943,13.943,0,0,0,1.011,3.8,23.186,23.186,0,0,0,1.887,3.706q1.056,1.662,2.111,3.055T9.7,22.247A6.666,6.666,0,0,0,10.422,23.033ZM6.244,3.807a6.364,6.364,0,0,1,4.672-1.932A6.439,6.439,0,0,1,15.61,3.807a6.328,6.328,0,0,1,1.954,4.672,4.87,4.87,0,0,1-.09.854,13.737,13.737,0,0,1-.966,3.616,20.368,20.368,0,0,1-1.954,3.706q-1.168,1.752-1.977,2.853t-1.572,2.044q-.809-.943-1.64-2.044t-2-2.853a22.636,22.636,0,0,1-2-3.706A12.868,12.868,0,0,1,4.357,9.332q-.045-.494-.045-.854A6.364,6.364,0,0,1,6.244,3.807Z\" transform=\"translate(-2.875 -0.438)\" fill=\"#013a65\"\/>\n<\/svg>\n\t\t<\/span>\r\n\t<\/span>\r\n\t<\/div>\n\t<div class=\"qodef-m-content\">\n\t\t\t<p class=\"qodef-m-title\" style=\"margin-top: 10px\">\n\t\t\t\t\t<a itemprop=\"url\" href=\"https:\/\/maps.app.goo.gl\/euqmUQPbjTiiRGBv8\" target=\"_blank\">\n\t\t\t\t\t<span class=\"qodef-m-title-text\">\u00c7\u0131narl\u0131, Ozan Abay Cd. No:10 D:8, 35170 Konak\/\u0130zmir<\/span>\n\t\t\t\t\t<\/a>\n\t\t\t<\/p>\n\t\t\t<\/div>\n<\/div>\n\t\t\t\t<\/div>\n\t\t\t\t<\/div>\n\t\t\t\t<\/div>\n\t\t\t\t<div class=\"elementor-element elementor-element-89a32ac elementor-widget elementor-widget-google_maps\" data-id=\"89a32ac\" data-element_type=\"widget\" data-widget_type=\"google_maps.default\">\n\t\t\t\t<div class=\"elementor-widget-container\">\n\t\t\t\t\t\t\t<div class=\"elementor-custom-embed\">\n\t\t\t<iframe loading=\"lazy\"\n\t\t\t\t\tsrc=\"https:\/\/maps.google.com\/maps?q=Clinic%20Atlantis%20%C4%B0zmir&#038;t=m&#038;z=14&#038;output=embed&#038;iwloc=near\"\n\t\t\t\t\ttitle=\"Clinic Atlantis \u0130zmir\"\n\t\t\t\t\taria-label=\"Clinic Atlantis \u0130zmir\"\n\t\t\t><\/iframe>\n\t\t<\/div>\n\t\t\t\t\t\t<\/div>\n\t\t\t\t<\/div>\n\t\t\t\t<\/div>\n\t\t\t\t<\/div>\n\t\t","protected":false},"excerpt":{"rendered":"<p>Contact Us Now Hizmet*Di\u015f TedavileriSa\u00e7 EkimiKilo VermePlastik Cerrahi Saat Tercihi*09:00-09:3009:30-10:0010:00-10:3011:00-11:3012:00-12:3013:30-14:0014:00-14:3014:30-15:0015:00-15:3015:30-16:0016:00-16:3016:30-17:0017:00-17:3017:30-18:0018:00-18:3018:30-19:00 Randevu Talep Et +90 532 175 90 35 info@clinicatlantis.com \u00c7\u0131narl\u0131, Ozan Abay Cd. No:10 D:8, 35170 Konak\/\u0130zmir<\/p>\n","protected":false},"author":2,"featured_media":0,"parent":0,"menu_order":0,"comment_status":"closed","ping_status":"closed","template":"page-full-width.php","meta":{"footnotes":""},"class_list":["post-6376","page","type-page","status-publish","hentry"],"_links":{"self":[{"href":"https:\/\/www.clinicatlantis.com\/en\/wp-json\/wp\/v2\/pages\/6376","targetHints":{"allow":["GET"]}}],"collection":[{"href":"https:\/\/www.clinicatlantis.com\/en\/wp-json\/wp\/v2\/pages"}],"about":[{"href":"https:\/\/www.clinicatlantis.com\/en\/wp-json\/wp\/v2\/types\/page"}],"author":[{"embeddable":true,"href":"https:\/\/www.clinicatlantis.com\/en\/wp-json\/wp\/v2\/users\/2"}],"replies":[{"embeddable":true,"href":"https:\/\/www.clinicatlantis.com\/en\/wp-json\/wp\/v2\/comments?post=6376"}],"version-history":[{"count":10,"href":"https:\/\/www.clinicatlantis.com\/en\/wp-json\/wp\/v2\/pages\/6376\/revisions"}],"predecessor-version":[{"id":6503,"href":"https:\/\/www.clinicatlantis.com\/en\/wp-json\/wp\/v2\/pages\/6376\/revisions\/6503"}],"wp:attachment":[{"href":"https:\/\/www.clinicatlantis.com\/en\/wp-json\/wp\/v2\/media?parent=6376"}],"curies":[{"name":"wp","href":"https:\/\/api.w.org\/{rel}","templated":true}]}}